{"id":2345,"date":"2022-12-28T15:40:42","date_gmt":"2022-12-28T15:40:42","guid":{"rendered":"https:\/\/geagroupconstruction.com\/entreprise\/"},"modified":"2023-10-23T08:48:36","modified_gmt":"2023-10-23T08:48:36","slug":"entreprise","status":"publish","type":"page","link":"https:\/\/geagroupconstruction.com\/fr\/entreprise\/","title":{"rendered":"Entreprise"},"content":{"rendered":"\t\t<div data-elementor-type=\"wp-page\" data-elementor-id=\"2345\" class=\"elementor elementor-2345 elementor-334\" data-elementor-post-type=\"page\">\n\t\t\t\t\t\t<section class=\"elementor-section elementor-top-section elementor-element elementor-element-13d6aa1 elementor-section-full_width elementor-hidden-laptop elementor-hidden-tablet elementor-hidden-mobile elementor-section-height-default elementor-section-height-default\" data-id=\"13d6aa1\" data-element_type=\"section\">\n\t\t\t\t\t\t<div class=\"elementor-container elementor-column-gap-no\">\n\t\t\t\t\t<div class=\"elementor-column elementor-col-50 elementor-top-column elementor-element elementor-element-ee8894e relative-column\" data-id=\"ee8894e\" data-element_type=\"column\">\n\t\t\t<div class=\"elementor-widget-wrap elementor-element-populated\">\n\t\t\t\t\t\t<div class=\"elementor-element elementor-element-691c15e elementor-widget elementor-widget-heading\" data-id=\"691c15e\" data-element_type=\"widget\" data-widget_type=\"heading.default\">\n\t\t\t\t<div class=\"elementor-widget-container\">\n\t\t\t<h1 class=\"elementor-heading-title elementor-size-default\">Entreprise<\/h1>\t\t<\/div>\n\t\t\t\t<\/div>\n\t\t\t\t<div class=\"elementor-element elementor-element-0aef0c4 elementor-widget__width-initial elementor-widget-mobile__width-initial elementor-widget elementor-widget-text-editor\" data-id=\"0aef0c4\" data-element_type=\"widget\" data-widget_type=\"text-editor.default\">\n\t\t\t\t<div class=\"elementor-widget-container\">\n\t\t\t\t\t\t\t<p>Notre patrimoine repose sur 40 ans d\u2019activit\u00e9 dans le secteur de la construction, tant civile qu\u2019industrielle. Cette exp\u00e9rience, avec son bagage fondamental de comp\u00e9tences techniques, a donn\u00e9 naissance \u00e0 une nouvelle vision de business visant \u00e0 d\u00e9velopper des projets dans le monde de la mode et du luxe, ce qui nous a amen\u00e9s \u00e0 travailler pour de nombreux groupes internationaux au cours des 15 derni\u00e8res ann\u00e9es. Aujourd\u2019hui, nous sommes Entrepreneur principal et nous mettons notre expertise au service du projet qui nous a \u00e9t\u00e9 confi\u00e9, avec la capacit\u00e9 de g\u00e9rer la complexit\u00e9 du processus de r\u00e9alisation dans tous ses aspects de conception, d\u2019ing\u00e9nierie et de construction.<\/p>\n\t\t\t\t\t\t<\/div>\n\t\t\t\t<\/div>\n\t\t\t\t\t<\/div>\n\t\t<\/div>\n\t\t\t\t<div class=\"elementor-column elementor-col-50 elementor-top-column elementor-element elementor-element-88b3a2d\" data-id=\"88b3a2d\" data-element_type=\"column\">\n\t\t\t<div class=\"elementor-widget-wrap\">\n\t\t\t\t\t\t\t<\/div>\n\t\t<\/div>\n\t\t\t\t\t<\/div>\n\t\t<\/section>\n\t\t\t\t<section class=\"elementor-section elementor-top-section elementor-element elementor-element-77d2ac6 elementor-hidden-desktop elementor-section-boxed elementor-section-height-default elementor-section-height-default\" data-id=\"77d2ac6\" data-element_type=\"section\">\n\t\t\t\t\t\t<div class=\"elementor-container elementor-column-gap-no\">\n\t\t\t\t\t<div class=\"elementor-column elementor-col-50 elementor-top-column elementor-element elementor-element-75d6489 relative-column\" data-id=\"75d6489\" data-element_type=\"column\">\n\t\t\t<div class=\"elementor-widget-wrap elementor-element-populated\">\n\t\t\t\t\t\t<div class=\"elementor-element elementor-element-cc58dcc elementor-widget elementor-widget-heading\" data-id=\"cc58dcc\" data-element_type=\"widget\" data-widget_type=\"heading.default\">\n\t\t\t\t<div class=\"elementor-widget-container\">\n\t\t\t<h1 class=\"elementor-heading-title elementor-size-default\">Entreprise<\/h1>\t\t<\/div>\n\t\t\t\t<\/div>\n\t\t\t\t<div class=\"elementor-element elementor-element-8dea5d1 elementor-widget-mobile__width-initial elementor-widget elementor-widget-text-editor\" data-id=\"8dea5d1\" data-element_type=\"widget\" data-widget_type=\"text-editor.default\">\n\t\t\t\t<div class=\"elementor-widget-container\">\n\t\t\t\t\t\t\t<p>Notre patrimoine repose sur 40 ans d\u2019activit\u00e9 dans le secteur de la construction, tant civile qu\u2019industrielle. Cette exp\u00e9rience, avec son bagage fondamental de comp\u00e9tences techniques, a donn\u00e9 naissance \u00e0 une nouvelle vision de business visant \u00e0 d\u00e9velopper des projets dans le monde de la mode et du luxe, ce qui nous a amen\u00e9s \u00e0 travailler pour de nombreux groupes internationaux au cours des 15 derni\u00e8res ann\u00e9es. Aujourd\u2019hui, nous sommes Entrepreneur principal et nous mettons notre expertise au service du projet qui nous a \u00e9t\u00e9 confi\u00e9, avec la capacit\u00e9 de g\u00e9rer la complexit\u00e9 du processus de r\u00e9alisation dans tous ses aspects de conception, d\u2019ing\u00e9nierie et de construction.<\/p>\n\t\t\t\t\t\t<\/div>\n\t\t\t\t<\/div>\n\t\t\t\t\t<\/div>\n\t\t<\/div>\n\t\t\t\t<div class=\"elementor-column elementor-col-50 elementor-top-column elementor-element elementor-element-5610fc0\" data-id=\"5610fc0\" data-element_type=\"column\">\n\t\t\t<div class=\"elementor-widget-wrap\">\n\t\t\t\t\t\t\t<\/div>\n\t\t<\/div>\n\t\t\t\t\t<\/div>\n\t\t<\/section>\n\t\t\t\t<section class=\"elementor-section elementor-top-section elementor-element elementor-element-3246ce2 elementor-section-boxed elementor-section-height-default elementor-section-height-default\" data-id=\"3246ce2\" data-element_type=\"section\">\n\t\t\t\t\t\t<div class=\"elementor-container elementor-column-gap-no\">\n\t\t\t\t\t<div class=\"elementor-column elementor-col-50 elementor-top-column elementor-element elementor-element-11b2974 elementor-hidden-tablet elementor-hidden-mobile\" data-id=\"11b2974\" data-element_type=\"column\">\n\t\t\t<div class=\"elementor-widget-wrap\">\n\t\t\t\t\t\t\t<\/div>\n\t\t<\/div>\n\t\t\t\t<div class=\"elementor-column elementor-col-50 elementor-top-column elementor-element elementor-element-71f22f2\" data-id=\"71f22f2\" data-element_type=\"column\">\n\t\t\t<div class=\"elementor-widget-wrap elementor-element-populated\">\n\t\t\t\t\t\t<section class=\"elementor-section elementor-inner-section elementor-element elementor-element-c029fe7 elementor-section-boxed elementor-section-height-default elementor-section-height-default\" data-id=\"c029fe7\" data-element_type=\"section\">\n\t\t\t\t\t\t<div class=\"elementor-container elementor-column-gap-no\">\n\t\t\t\t\t<div class=\"elementor-column elementor-col-50 elementor-inner-column elementor-element elementor-element-ba40e06\" data-id=\"ba40e06\" data-element_type=\"column\">\n\t\t\t<div class=\"elementor-widget-wrap elementor-element-populated\">\n\t\t\t\t\t\t<div class=\"elementor-element elementor-element-3d4a8e7 elementor-widget elementor-widget-image\" data-id=\"3d4a8e7\" data-element_type=\"widget\" data-widget_type=\"image.default\">\n\t\t\t\t<div class=\"elementor-widget-container\">\n\t\t\t\t\t\t\t\t\t\t\t\t\t<img decoding=\"async\" src=\"https:\/\/geagroupconstruction.com\/wp-content\/uploads\/elementor\/thumbs\/geacostruzioni_azienda-1-q27vbo9hwytdmvkb8461rhft7wd15sdatvcwp489ka.jpg\" title=\"geacostruzioni_azienda-1\" alt=\"geacostruzioni_azienda-1\" loading=\"lazy\" \/>\t\t\t\t\t\t\t\t\t\t\t\t\t<\/div>\n\t\t\t\t<\/div>\n\t\t\t\t\t<\/div>\n\t\t<\/div>\n\t\t\t\t<div class=\"elementor-column elementor-col-50 elementor-inner-column elementor-element elementor-element-c8f5f28\" data-id=\"c8f5f28\" data-element_type=\"column\">\n\t\t\t<div class=\"elementor-widget-wrap elementor-element-populated\">\n\t\t\t\t\t\t<div class=\"elementor-element elementor-element-c4693f6 elementor-widget elementor-widget-image\" data-id=\"c4693f6\" data-element_type=\"widget\" data-widget_type=\"image.default\">\n\t\t\t\t<div class=\"elementor-widget-container\">\n\t\t\t\t\t\t\t\t\t\t\t\t\t<img decoding=\"async\" src=\"https:\/\/geagroupconstruction.com\/wp-content\/uploads\/elementor\/thumbs\/geacostruzioni_azienda-2-q27vbo9hwytdmvkb8461rhft7wd15sdatvcwp489ka.jpg\" title=\"geacostruzioni_azienda-2\" alt=\"geacostruzioni_azienda-2\" loading=\"lazy\" \/>\t\t\t\t\t\t\t\t\t\t\t\t\t<\/div>\n\t\t\t\t<\/div>\n\t\t\t\t\t<\/div>\n\t\t<\/div>\n\t\t\t\t\t<\/div>\n\t\t<\/section>\n\t\t\t\t\t<\/div>\n\t\t<\/div>\n\t\t\t\t\t<\/div>\n\t\t<\/section>\n\t\t\t\t<section class=\"elementor-section elementor-top-section elementor-element elementor-element-5a82976 elementor-hidden-tablet elementor-hidden-mobile elementor-section-boxed elementor-section-height-default elementor-section-height-default\" data-id=\"5a82976\" data-element_type=\"section\">\n\t\t\t\t\t\t<div class=\"elementor-container elementor-column-gap-no\">\n\t\t\t\t\t<div class=\"elementor-column elementor-col-50 elementor-top-column elementor-element elementor-element-a719fa3 elementor-hidden-tablet elementor-hidden-mobile\" data-id=\"a719fa3\" data-element_type=\"column\">\n\t\t\t<div class=\"elementor-widget-wrap\">\n\t\t\t\t\t\t\t<\/div>\n\t\t<\/div>\n\t\t\t\t<div class=\"elementor-column elementor-col-50 elementor-top-column elementor-element elementor-element-2abe535\" data-id=\"2abe535\" data-element_type=\"column\">\n\t\t\t<div class=\"elementor-widget-wrap elementor-element-populated\">\n\t\t\t\t\t\t<section class=\"elementor-section elementor-inner-section elementor-element elementor-element-9fc4eb2 elementor-section-boxed elementor-section-height-default elementor-section-height-default\" data-id=\"9fc4eb2\" data-element_type=\"section\">\n\t\t\t\t\t\t<div class=\"elementor-container elementor-column-gap-no\">\n\t\t\t\t\t<div class=\"elementor-column elementor-col-100 elementor-inner-column elementor-element elementor-element-05b6343\" data-id=\"05b6343\" data-element_type=\"column\">\n\t\t\t<div class=\"elementor-widget-wrap elementor-element-populated\">\n\t\t\t\t\t\t<div class=\"elementor-element elementor-element-d8fa23d elementor-hidden-tablet elementor-hidden-mobile elementor-widget elementor-widget-heading\" data-id=\"d8fa23d\" data-element_type=\"widget\" data-widget_type=\"heading.default\">\n\t\t\t\t<div class=\"elementor-widget-container\">\n\t\t\t<h3 class=\"elementor-heading-title elementor-size-default\">Forte Forte Milano Store<\/h3>\t\t<\/div>\n\t\t\t\t<\/div>\n\t\t\t\t\t<\/div>\n\t\t<\/div>\n\t\t\t\t\t<\/div>\n\t\t<\/section>\n\t\t\t\t\t<\/div>\n\t\t<\/div>\n\t\t\t\t\t<\/div>\n\t\t<\/section>\n\t\t\t\t<\/div>\n\t\t","protected":false},"excerpt":{"rendered":"<p>Entreprise Notre patrimoine repose sur 40 ans d\u2019activit\u00e9 dans le secteur de la construction, tant civile qu\u2019industrielle. Cette exp\u00e9rience, avec son bagage fondamental de comp\u00e9tences techniques, a donn\u00e9 naissance \u00e0 une nouvelle vision de business visant \u00e0 d\u00e9velopper des projets dans le monde de la mode et du luxe, ce qui nous a amen\u00e9s \u00e0 [&hellip;]<\/p>\n","protected":false},"author":1,"featured_media":0,"parent":0,"menu_order":0,"comment_status":"closed","ping_status":"closed","template":"","meta":{"inline_featured_image":false,"footnotes":""},"class_list":["post-2345","page","type-page","status-publish","hentry"],"yoast_head":"<!-- This site is optimized with the Yoast SEO plugin v23.8 - https:\/\/yoast.com\/wordpress\/plugins\/seo\/ -->\n<title>Entreprise - Gea Group Construction, entreprise de construction sp\u00e9cialis\u00e9e dans la cr\u00e9ation de showrooms<\/title>\n<meta name=\"description\" content=\"Gea Costruzioni est une entreprise de construction sp\u00e9cialis\u00e9e dans la cr\u00e9ation de showrooms et de magasins embl\u00e9matiques pour les marques du monde de la Mode et du Luxe.\" \/>\n<meta name=\"robots\" content=\"index, follow, max-snippet:-1, max-image-preview:large, max-video-preview:-1\" \/>\n<link rel=\"canonical\" href=\"https:\/\/geagroupconstruction.com\/azienda\/\" \/>\n<meta property=\"og:locale\" content=\"fr_FR\" \/>\n<meta property=\"og:type\" content=\"article\" \/>\n<meta property=\"og:title\" content=\"Entreprise - Gea Group Construction, entreprise de construction sp\u00e9cialis\u00e9e dans la cr\u00e9ation de showrooms\" \/>\n<meta property=\"og:description\" content=\"Gea Costruzioni est une entreprise de construction sp\u00e9cialis\u00e9e dans la cr\u00e9ation de showrooms et de magasins embl\u00e9matiques pour les marques du monde de la Mode et du Luxe.\" \/>\n<meta property=\"og:url\" content=\"https:\/\/geagroupconstruction.com\/azienda\/\" \/>\n<meta property=\"og:site_name\" content=\"Gea Group Construction\" \/>\n<meta property=\"article:modified_time\" content=\"2023-10-23T08:48:36+00:00\" \/>\n<meta property=\"og:image\" content=\"https:\/\/geagroupconstruction.com\/wp-content\/uploads\/elementor\/thumbs\/geacostruzioni_azienda-1-q2948eo0yg02xn62myh6fi9jyjosk2ot3yicmj2zca.jpg\" \/>\n<meta name=\"twitter:card\" content=\"summary_large_image\" \/>\n<meta name=\"twitter:label1\" content=\"Dur\u00e9e de lecture estim\u00e9e\" \/>\n\t<meta name=\"twitter:data1\" content=\"1 minute\" \/>\n<script type=\"application\/ld+json\" class=\"yoast-schema-graph\">{\"@context\":\"https:\/\/schema.org\",\"@graph\":[{\"@type\":\"WebPage\",\"@id\":\"https:\/\/geagroupconstruction.com\/azienda\/\",\"url\":\"https:\/\/geagroupconstruction.com\/azienda\/\",\"name\":\"Entreprise - Gea Group Construction, entreprise de construction sp\u00e9cialis\u00e9e dans la cr\u00e9ation de showrooms\",\"isPartOf\":{\"@id\":\"https:\/\/geagroupconstruction.com\/#website\"},\"primaryImageOfPage\":{\"@id\":\"https:\/\/geagroupconstruction.com\/azienda\/#primaryimage\"},\"image\":{\"@id\":\"https:\/\/geagroupconstruction.com\/azienda\/#primaryimage\"},\"thumbnailUrl\":\"https:\/\/geagroupconstruction.com\/wp-content\/uploads\/elementor\/thumbs\/geacostruzioni_azienda-1-q2948eo0yg02xn62myh6fi9jyjosk2ot3yicmj2zca.jpg\",\"datePublished\":\"2022-12-28T15:40:42+00:00\",\"dateModified\":\"2023-10-23T08:48:36+00:00\",\"description\":\"Gea Costruzioni est une entreprise de construction sp\u00e9cialis\u00e9e dans la cr\u00e9ation de showrooms et de magasins embl\u00e9matiques pour les marques du monde de la Mode et du Luxe.\",\"breadcrumb\":{\"@id\":\"https:\/\/geagroupconstruction.com\/azienda\/#breadcrumb\"},\"inLanguage\":\"fr-FR\",\"potentialAction\":[{\"@type\":\"ReadAction\",\"target\":[\"https:\/\/geagroupconstruction.com\/azienda\/\"]}]},{\"@type\":\"ImageObject\",\"inLanguage\":\"fr-FR\",\"@id\":\"https:\/\/geagroupconstruction.com\/azienda\/#primaryimage\",\"url\":\"https:\/\/geagroupconstruction.com\/wp-content\/uploads\/elementor\/thumbs\/geacostruzioni_azienda-1-q2948eo0yg02xn62myh6fi9jyjosk2ot3yicmj2zca.jpg\",\"contentUrl\":\"https:\/\/geagroupconstruction.com\/wp-content\/uploads\/elementor\/thumbs\/geacostruzioni_azienda-1-q2948eo0yg02xn62myh6fi9jyjosk2ot3yicmj2zca.jpg\"},{\"@type\":\"BreadcrumbList\",\"@id\":\"https:\/\/geagroupconstruction.com\/azienda\/#breadcrumb\",\"itemListElement\":[{\"@type\":\"ListItem\",\"position\":1,\"name\":\"Home\",\"item\":\"https:\/\/geagroupconstruction.com\/\"},{\"@type\":\"ListItem\",\"position\":2,\"name\":\"Entreprise\"}]},{\"@type\":\"WebSite\",\"@id\":\"https:\/\/geagroupconstruction.com\/#website\",\"url\":\"https:\/\/geagroupconstruction.com\/\",\"name\":\"Gea Group Construction\",\"description\":\"We build your style\",\"publisher\":{\"@id\":\"https:\/\/geagroupconstruction.com\/#organization\"},\"potentialAction\":[{\"@type\":\"SearchAction\",\"target\":{\"@type\":\"EntryPoint\",\"urlTemplate\":\"https:\/\/geagroupconstruction.com\/?s={search_term_string}\"},\"query-input\":{\"@type\":\"PropertyValueSpecification\",\"valueRequired\":true,\"valueName\":\"search_term_string\"}}],\"inLanguage\":\"fr-FR\"},{\"@type\":\"Organization\",\"@id\":\"https:\/\/geagroupconstruction.com\/#organization\",\"name\":\"Gea Group Construction\",\"url\":\"https:\/\/geagroupconstruction.com\/\",\"logo\":{\"@type\":\"ImageObject\",\"inLanguage\":\"fr-FR\",\"@id\":\"https:\/\/geagroupconstruction.com\/#\/schema\/logo\/image\/\",\"url\":\"https:\/\/geagroupconstruction.com\/wp-content\/uploads\/2022\/12\/GEA_Group_logo.svg\",\"contentUrl\":\"https:\/\/geagroupconstruction.com\/wp-content\/uploads\/2022\/12\/GEA_Group_logo.svg\",\"caption\":\"Gea Group Construction\"},\"image\":{\"@id\":\"https:\/\/geagroupconstruction.com\/#\/schema\/logo\/image\/\"}}]}<\/script>\n<!-- \/ Yoast SEO plugin. -->","yoast_head_json":{"title":"Entreprise - Gea Group Construction, entreprise de construction sp\u00e9cialis\u00e9e dans la cr\u00e9ation de showrooms","description":"Gea Costruzioni est une entreprise de construction sp\u00e9cialis\u00e9e dans la cr\u00e9ation de showrooms et de magasins embl\u00e9matiques pour les marques du monde de la Mode et du Luxe.","robots":{"index":"index","follow":"follow","max-snippet":"max-snippet:-1","max-image-preview":"max-image-preview:large","max-video-preview":"max-video-preview:-1"},"canonical":"https:\/\/geagroupconstruction.com\/azienda\/","og_locale":"fr_FR","og_type":"article","og_title":"Entreprise - Gea Group Construction, entreprise de construction sp\u00e9cialis\u00e9e dans la cr\u00e9ation de showrooms","og_description":"Gea Costruzioni est une entreprise de construction sp\u00e9cialis\u00e9e dans la cr\u00e9ation de showrooms et de magasins embl\u00e9matiques pour les marques du monde de la Mode et du Luxe.","og_url":"https:\/\/geagroupconstruction.com\/azienda\/","og_site_name":"Gea Group Construction","article_modified_time":"2023-10-23T08:48:36+00:00","og_image":[{"url":"https:\/\/geagroupconstruction.com\/wp-content\/uploads\/elementor\/thumbs\/geacostruzioni_azienda-1-q2948eo0yg02xn62myh6fi9jyjosk2ot3yicmj2zca.jpg"}],"twitter_card":"summary_large_image","twitter_misc":{"Dur\u00e9e de lecture estim\u00e9e":"1 minute"},"schema":{"@context":"https:\/\/schema.org","@graph":[{"@type":"WebPage","@id":"https:\/\/geagroupconstruction.com\/azienda\/","url":"https:\/\/geagroupconstruction.com\/azienda\/","name":"Entreprise - Gea Group Construction, entreprise de construction sp\u00e9cialis\u00e9e dans la cr\u00e9ation de showrooms","isPartOf":{"@id":"https:\/\/geagroupconstruction.com\/#website"},"primaryImageOfPage":{"@id":"https:\/\/geagroupconstruction.com\/azienda\/#primaryimage"},"image":{"@id":"https:\/\/geagroupconstruction.com\/azienda\/#primaryimage"},"thumbnailUrl":"https:\/\/geagroupconstruction.com\/wp-content\/uploads\/elementor\/thumbs\/geacostruzioni_azienda-1-q2948eo0yg02xn62myh6fi9jyjosk2ot3yicmj2zca.jpg","datePublished":"2022-12-28T15:40:42+00:00","dateModified":"2023-10-23T08:48:36+00:00","description":"Gea Costruzioni est une entreprise de construction sp\u00e9cialis\u00e9e dans la cr\u00e9ation de showrooms et de magasins embl\u00e9matiques pour les marques du monde de la Mode et du Luxe.","breadcrumb":{"@id":"https:\/\/geagroupconstruction.com\/azienda\/#breadcrumb"},"inLanguage":"fr-FR","potentialAction":[{"@type":"ReadAction","target":["https:\/\/geagroupconstruction.com\/azienda\/"]}]},{"@type":"ImageObject","inLanguage":"fr-FR","@id":"https:\/\/geagroupconstruction.com\/azienda\/#primaryimage","url":"https:\/\/geagroupconstruction.com\/wp-content\/uploads\/elementor\/thumbs\/geacostruzioni_azienda-1-q2948eo0yg02xn62myh6fi9jyjosk2ot3yicmj2zca.jpg","contentUrl":"https:\/\/geagroupconstruction.com\/wp-content\/uploads\/elementor\/thumbs\/geacostruzioni_azienda-1-q2948eo0yg02xn62myh6fi9jyjosk2ot3yicmj2zca.jpg"},{"@type":"BreadcrumbList","@id":"https:\/\/geagroupconstruction.com\/azienda\/#breadcrumb","itemListElement":[{"@type":"ListItem","position":1,"name":"Home","item":"https:\/\/geagroupconstruction.com\/"},{"@type":"ListItem","position":2,"name":"Entreprise"}]},{"@type":"WebSite","@id":"https:\/\/geagroupconstruction.com\/#website","url":"https:\/\/geagroupconstruction.com\/","name":"Gea Group Construction","description":"We build your style","publisher":{"@id":"https:\/\/geagroupconstruction.com\/#organization"},"potentialAction":[{"@type":"SearchAction","target":{"@type":"EntryPoint","urlTemplate":"https:\/\/geagroupconstruction.com\/?s={search_term_string}"},"query-input":{"@type":"PropertyValueSpecification","valueRequired":true,"valueName":"search_term_string"}}],"inLanguage":"fr-FR"},{"@type":"Organization","@id":"https:\/\/geagroupconstruction.com\/#organization","name":"Gea Group Construction","url":"https:\/\/geagroupconstruction.com\/","logo":{"@type":"ImageObject","inLanguage":"fr-FR","@id":"https:\/\/geagroupconstruction.com\/#\/schema\/logo\/image\/","url":"https:\/\/geagroupconstruction.com\/wp-content\/uploads\/2022\/12\/GEA_Group_logo.svg","contentUrl":"https:\/\/geagroupconstruction.com\/wp-content\/uploads\/2022\/12\/GEA_Group_logo.svg","caption":"Gea Group Construction"},"image":{"@id":"https:\/\/geagroupconstruction.com\/#\/schema\/logo\/image\/"}}]}},"_links":{"self":[{"href":"https:\/\/geagroupconstruction.com\/fr\/wp-json\/wp\/v2\/pages\/2345","targetHints":{"allow":["GET"]}}],"collection":[{"href":"https:\/\/geagroupconstruction.com\/fr\/wp-json\/wp\/v2\/pages"}],"about":[{"href":"https:\/\/geagroupconstruction.com\/fr\/wp-json\/wp\/v2\/types\/page"}],"author":[{"embeddable":true,"href":"https:\/\/geagroupconstruction.com\/fr\/wp-json\/wp\/v2\/users\/1"}],"replies":[{"embeddable":true,"href":"https:\/\/geagroupconstruction.com\/fr\/wp-json\/wp\/v2\/comments?post=2345"}],"version-history":[{"count":5,"href":"https:\/\/geagroupconstruction.com\/fr\/wp-json\/wp\/v2\/pages\/2345\/revisions"}],"predecessor-version":[{"id":2372,"href":"https:\/\/geagroupconstruction.com\/fr\/wp-json\/wp\/v2\/pages\/2345\/revisions\/2372"}],"wp:attachment":[{"href":"https:\/\/geagroupconstruction.com\/fr\/wp-json\/wp\/v2\/media?parent=2345"}],"curies":[{"name":"wp","href":"https:\/\/api.w.org\/{rel}","templated":true}]}}