{"id":2358,"date":"2022-12-22T09:08:20","date_gmt":"2022-12-22T08:08:20","guid":{"rendered":"https:\/\/geagroupconstruction.com\/home-page\/"},"modified":"2025-07-03T15:23:09","modified_gmt":"2025-07-03T13:23:09","slug":"home-page","status":"publish","type":"page","link":"https:\/\/geagroupconstruction.com\/fr\/","title":{"rendered":"Accueil"},"content":{"rendered":"\t\t<div data-elementor-type=\"wp-page\" data-elementor-id=\"2358\" class=\"elementor elementor-2358 elementor-114\" data-elementor-post-type=\"page\">\n\t\t\t\t\t\t<section class=\"elementor-section elementor-top-section elementor-element elementor-element-e17824d elementor-section-boxed elementor-section-height-default elementor-section-height-default\" data-id=\"e17824d\" data-element_type=\"section\">\n\t\t\t\t\t\t<div class=\"elementor-container elementor-column-gap-default\">\n\t\t\t\t\t<div class=\"elementor-column elementor-col-100 elementor-top-column elementor-element elementor-element-bf35a6c\" data-id=\"bf35a6c\" data-element_type=\"column\">\n\t\t\t<div class=\"elementor-widget-wrap elementor-element-populated\">\n\t\t\t\t\t\t<div class=\"elementor-element elementor-element-aaa1d7e elementor--h-position-left elementor--v-position-bottom elementor-hidden-laptop elementor-hidden-tablet elementor-hidden-mobile elementor-widget elementor-widget-slides\" data-id=\"aaa1d7e\" data-element_type=\"widget\" data-settings=\"{&quot;navigation&quot;:&quot;none&quot;,&quot;transition&quot;:&quot;fade&quot;,&quot;autoplay_speed&quot;:3000,&quot;transition_speed&quot;:300,&quot;autoplay&quot;:&quot;yes&quot;,&quot;infinite&quot;:&quot;yes&quot;}\" data-widget_type=\"slides.default\">\n\t\t\t\t<div class=\"elementor-widget-container\">\n\t\t\t\t\t<div class=\"elementor-swiper\">\n\t\t\t<div class=\"elementor-slides-wrapper elementor-main-swiper swiper\" dir=\"ltr\" data-animation=\"\">\n\t\t\t\t<div class=\"swiper-wrapper elementor-slides\">\n\t\t\t\t\t\t\t\t\t\t<div class=\"elementor-repeater-item-87fe4df swiper-slide\"><div class=\"swiper-slide-bg\" role=\"img\"><\/div><div class=\"swiper-slide-inner\" ><div class=\"swiper-slide-contents\"><div class=\"elementor-slide-heading\">Soeur Milan Store<\/div><\/div><\/div><\/div><div class=\"elementor-repeater-item-9a06a26 swiper-slide\"><div class=\"swiper-slide-bg\" role=\"img\"><\/div><div class=\"swiper-slide-inner\" ><div class=\"swiper-slide-contents\"><div class=\"elementor-slide-heading\">Forte Forte Milan Showroom<\/div><\/div><\/div><\/div><div class=\"elementor-repeater-item-3da3a6e swiper-slide\"><div class=\"swiper-slide-bg\" role=\"img\"><\/div><div class=\"swiper-slide-inner\" ><div class=\"swiper-slide-contents\"><div class=\"elementor-slide-heading\">Casa Boggi Milan Store-Showroom-Office<\/div><\/div><\/div><\/div><div class=\"elementor-repeater-item-d69df83 swiper-slide\"><div class=\"swiper-slide-bg\" role=\"img\"><\/div><div class=\"swiper-slide-inner\" ><div class=\"swiper-slide-contents\"><div class=\"elementor-slide-heading\">Forte Forte Paris Store<\/div><\/div><\/div><\/div><div class=\"elementor-repeater-item-43866a1 swiper-slide\"><div class=\"swiper-slide-bg\" role=\"img\"><\/div><div class=\"swiper-slide-inner\" ><div class=\"swiper-slide-contents\"><div class=\"elementor-slide-heading\">Golden Goose Milan Showroom<\/div><\/div><\/div><\/div><div class=\"elementor-repeater-item-544d206 swiper-slide\"><div class=\"swiper-slide-bg\" role=\"img\"><\/div><div class=\"swiper-slide-inner\" ><div class=\"swiper-slide-contents\"><div class=\"elementor-slide-heading\">MSGM Milan Store<\/div><\/div><\/div><\/div><div class=\"elementor-repeater-item-1dd95f5 swiper-slide\"><div class=\"swiper-slide-bg\" role=\"img\"><\/div><div class=\"swiper-slide-inner\" ><div class=\"swiper-slide-contents\"><div class=\"elementor-slide-heading\">Kenzo Milan Sore<\/div><\/div><\/div><\/div><div class=\"elementor-repeater-item-997e337 swiper-slide\"><div class=\"swiper-slide-bg\" role=\"img\"><\/div><div class=\"swiper-slide-inner\" ><div class=\"swiper-slide-contents\"><div class=\"elementor-slide-heading\">Maison Margiela Paris Store<\/div><\/div><\/div><\/div><div class=\"elementor-repeater-item-af338ac swiper-slide\"><div class=\"swiper-slide-bg\" role=\"img\"><\/div><div class=\"swiper-slide-inner\" ><div class=\"swiper-slide-contents\"><div class=\"elementor-slide-heading\">Golden Goose Milan Store<\/div><\/div><\/div><\/div><div class=\"elementor-repeater-item-868a958 swiper-slide\"><div class=\"swiper-slide-bg\" role=\"img\"><\/div><div class=\"swiper-slide-inner\" ><div class=\"swiper-slide-contents\"><div class=\"elementor-slide-heading\">Golden Goose Paris Store<\/div><\/div><\/div><\/div>\t\t\t\t<\/div>\n\t\t\t\t\t\t\t\t\t\t\t\t\t\t\t\t\t\t\t\t\t<\/div>\n\t\t<\/div>\n\t\t\t\t<\/div>\n\t\t\t\t<\/div>\n\t\t\t\t<div class=\"elementor-element elementor-element-2e6da71 elementor--h-position-left elementor--v-position-bottom elementor-hidden-desktop elementor-widget elementor-widget-slides\" data-id=\"2e6da71\" data-element_type=\"widget\" data-settings=\"{&quot;navigation&quot;:&quot;none&quot;,&quot;transition&quot;:&quot;fade&quot;,&quot;autoplay_speed&quot;:3000,&quot;transition_speed&quot;:300,&quot;autoplay&quot;:&quot;yes&quot;,&quot;infinite&quot;:&quot;yes&quot;}\" data-widget_type=\"slides.default\">\n\t\t\t\t<div class=\"elementor-widget-container\">\n\t\t\t\t\t<div class=\"elementor-swiper\">\n\t\t\t<div class=\"elementor-slides-wrapper elementor-main-swiper swiper\" dir=\"ltr\" data-animation=\"\">\n\t\t\t\t<div class=\"swiper-wrapper elementor-slides\">\n\t\t\t\t\t\t\t\t\t\t<div class=\"elementor-repeater-item-9a06a26 swiper-slide\"><div class=\"swiper-slide-bg\" role=\"img\"><\/div><div class=\"swiper-slide-inner\" ><div class=\"swiper-slide-contents\"><div class=\"elementor-slide-heading\">Forte Forte Milan Showroom<\/div><\/div><\/div><\/div><div class=\"elementor-repeater-item-d891678 swiper-slide\"><div class=\"swiper-slide-bg\" role=\"img\"><\/div><div class=\"swiper-slide-inner\" ><div class=\"swiper-slide-contents\"><div class=\"elementor-slide-heading\">Soeur Milan Store<\/div><\/div><\/div><\/div><div class=\"elementor-repeater-item-d69df83 swiper-slide\"><div class=\"swiper-slide-bg\" role=\"img\"><\/div><div class=\"swiper-slide-inner\" ><div class=\"swiper-slide-contents\"><div class=\"elementor-slide-heading\">Forte Forte Paris Store<\/div><\/div><\/div><\/div><div class=\"elementor-repeater-item-43866a1 swiper-slide\"><div class=\"swiper-slide-bg\" role=\"img\"><\/div><div class=\"swiper-slide-inner\" ><div class=\"swiper-slide-contents\"><div class=\"elementor-slide-heading\">Golden Goose Milan Showroom<\/div><\/div><\/div><\/div><div class=\"elementor-repeater-item-4d2b521 swiper-slide\"><div class=\"swiper-slide-bg\" role=\"img\"><\/div><div class=\"swiper-slide-inner\" ><div class=\"swiper-slide-contents\"><div class=\"elementor-slide-heading\">Casa Boggi Milan Store-Showroom-Office<\/div><\/div><\/div><\/div><div class=\"elementor-repeater-item-544d206 swiper-slide\"><div class=\"swiper-slide-bg\" role=\"img\"><\/div><div class=\"swiper-slide-inner\" ><div class=\"swiper-slide-contents\"><div class=\"elementor-slide-heading\">MSGM Milan Store<\/div><\/div><\/div><\/div><div class=\"elementor-repeater-item-1dd95f5 swiper-slide\"><div class=\"swiper-slide-bg\" role=\"img\"><\/div><div class=\"swiper-slide-inner\" ><div class=\"swiper-slide-contents\"><div class=\"elementor-slide-heading\">Kenzo Milan Sore<\/div><\/div><\/div><\/div><div class=\"elementor-repeater-item-997e337 swiper-slide\"><div class=\"swiper-slide-bg\" role=\"img\"><\/div><div class=\"swiper-slide-inner\" ><div class=\"swiper-slide-contents\"><div class=\"elementor-slide-heading\">Maison Margiela Paris Store<\/div><\/div><\/div><\/div><div class=\"elementor-repeater-item-af338ac swiper-slide\"><div class=\"swiper-slide-bg\" role=\"img\"><\/div><div class=\"swiper-slide-inner\" ><div class=\"swiper-slide-contents\"><div class=\"elementor-slide-heading\">Golden Goose Milan Store<\/div><\/div><\/div><\/div><div class=\"elementor-repeater-item-88f2199 swiper-slide\"><div class=\"swiper-slide-bg\" role=\"img\"><\/div><div class=\"swiper-slide-inner\" ><div class=\"swiper-slide-contents\"><div class=\"elementor-slide-heading\">Golden Goose Paris Store<\/div><\/div><\/div><\/div>\t\t\t\t<\/div>\n\t\t\t\t\t\t\t\t\t\t\t\t\t\t\t\t\t\t\t\t\t<\/div>\n\t\t<\/div>\n\t\t\t\t<\/div>\n\t\t\t\t<\/div>\n\t\t\t\t\t<\/div>\n\t\t<\/div>\n\t\t\t\t\t<\/div>\n\t\t<\/section>\n\t\t\t\t<section class=\"elementor-section elementor-top-section elementor-element elementor-element-3ba85af elementor-section-boxed elementor-section-height-default elementor-section-height-default\" data-id=\"3ba85af\" data-element_type=\"section\">\n\t\t\t\t\t\t<div class=\"elementor-container elementor-column-gap-default\">\n\t\t\t\t\t<div class=\"elementor-column elementor-col-100 elementor-top-column elementor-element elementor-element-c6d9979\" data-id=\"c6d9979\" data-element_type=\"column\">\n\t\t\t<div class=\"elementor-widget-wrap elementor-element-populated\">\n\t\t\t\t\t\t<div class=\"elementor-element elementor-element-e9ba675 elementor-widget elementor-widget-heading\" data-id=\"e9ba675\" data-element_type=\"widget\" data-widget_type=\"heading.default\">\n\t\t\t\t<div class=\"elementor-widget-container\">\n\t\t\t<h2 class=\"elementor-heading-title elementor-size-default\">Nous construisons le style, nous cr\u00e9ons une architecture contemporaine durable, avec un grand soin du d\u00e9tail et soutenue par une recherche approfondie sur les mat\u00e9riaux. Nous ajoutons de la valeur \u00e0 votre sp\u00e9cificit\u00e9 en construisant l\u2019excellence, depuis deux g\u00e9n\u00e9rations.<\/h2>\t\t<\/div>\n\t\t\t\t<\/div>\n\t\t\t\t\t<\/div>\n\t\t<\/div>\n\t\t\t\t\t<\/div>\n\t\t<\/section>\n\t\t\t\t<\/div>\n\t\t","protected":false},"excerpt":{"rendered":"<p>Soeur Milan StoreForte Forte Milan ShowroomCasa Boggi Milan Store-Showroom-OfficeForte Forte Paris StoreGolden Goose Milan ShowroomMSGM Milan StoreKenzo Milan SoreMaison Margiela Paris StoreGolden Goose Milan StoreGolden Goose Paris Store Forte Forte Milan ShowroomSoeur Milan StoreForte Forte Paris StoreGolden Goose Milan ShowroomCasa Boggi Milan Store-Showroom-OfficeMSGM Milan StoreKenzo Milan SoreMaison Margiela Paris StoreGolden Goose Milan StoreGolden Goose Paris [&hellip;]<\/p>\n","protected":false},"author":1,"featured_media":0,"parent":0,"menu_order":0,"comment_status":"closed","ping_status":"closed","template":"","meta":{"inline_featured_image":false,"footnotes":""},"class_list":["post-2358","page","type-page","status-publish","hentry"],"yoast_head":"<!-- This site is optimized with the Yoast SEO plugin v23.8 - https:\/\/yoast.com\/wordpress\/plugins\/seo\/ -->\n<title>Gea Group Construction - Entreprise de construction sp\u00e9cialis\u00e9e dans la cr\u00e9ation de showrooms<\/title>\n<meta name=\"description\" content=\"Gea Group est une entreprise de construction sp\u00e9cialis\u00e9e dans la cr\u00e9ation de showrooms et de magasins embl\u00e9matiques pour les marques du monde de la Mode et du Luxe.\" \/>\n<meta name=\"robots\" content=\"index, follow, max-snippet:-1, max-image-preview:large, max-video-preview:-1\" \/>\n<link rel=\"canonical\" href=\"https:\/\/geagroupconstruction.com\/\" \/>\n<meta property=\"og:locale\" content=\"fr_FR\" \/>\n<meta property=\"og:type\" content=\"article\" \/>\n<meta property=\"og:title\" content=\"Gea Group Construction - Entreprise de construction sp\u00e9cialis\u00e9e dans la cr\u00e9ation de showrooms\" \/>\n<meta property=\"og:description\" content=\"Gea Group est une entreprise de construction sp\u00e9cialis\u00e9e dans la cr\u00e9ation de showrooms et de magasins embl\u00e9matiques pour les marques du monde de la Mode et du Luxe.\" \/>\n<meta property=\"og:url\" content=\"https:\/\/geagroupconstruction.com\/\" \/>\n<meta property=\"og:site_name\" content=\"Gea Group Construction\" \/>\n<meta property=\"article:modified_time\" content=\"2025-07-03T13:23:09+00:00\" \/>\n<meta name=\"twitter:card\" content=\"summary_large_image\" \/>\n<meta name=\"twitter:label1\" content=\"Dur\u00e9e de lecture estim\u00e9e\" \/>\n\t<meta name=\"twitter:data1\" content=\"1 minute\" \/>\n<script type=\"application\/ld+json\" class=\"yoast-schema-graph\">{\"@context\":\"https:\/\/schema.org\",\"@graph\":[{\"@type\":\"WebPage\",\"@id\":\"https:\/\/geagroupconstruction.com\/\",\"url\":\"https:\/\/geagroupconstruction.com\/\",\"name\":\"Gea Group Construction - Entreprise de construction sp\u00e9cialis\u00e9e dans la cr\u00e9ation de showrooms\",\"isPartOf\":{\"@id\":\"https:\/\/geagroupconstruction.com\/#website\"},\"datePublished\":\"2022-12-22T08:08:20+00:00\",\"dateModified\":\"2025-07-03T13:23:09+00:00\",\"description\":\"Gea Group est une entreprise de construction sp\u00e9cialis\u00e9e dans la cr\u00e9ation de showrooms et de magasins embl\u00e9matiques pour les marques du monde de la Mode et du Luxe.\",\"breadcrumb\":{\"@id\":\"https:\/\/geagroupconstruction.com\/#breadcrumb\"},\"inLanguage\":\"fr-FR\",\"potentialAction\":[{\"@type\":\"ReadAction\",\"target\":[\"https:\/\/geagroupconstruction.com\/\"]}]},{\"@type\":\"BreadcrumbList\",\"@id\":\"https:\/\/geagroupconstruction.com\/#breadcrumb\",\"itemListElement\":[{\"@type\":\"ListItem\",\"position\":1,\"name\":\"Home\",\"item\":\"https:\/\/geagroupconstruction.com\/\"},{\"@type\":\"ListItem\",\"position\":2,\"name\":\"Accueil\"}]},{\"@type\":\"WebSite\",\"@id\":\"https:\/\/geagroupconstruction.com\/#website\",\"url\":\"https:\/\/geagroupconstruction.com\/\",\"name\":\"Gea Group Construction\",\"description\":\"We build your style\",\"publisher\":{\"@id\":\"https:\/\/geagroupconstruction.com\/#organization\"},\"potentialAction\":[{\"@type\":\"SearchAction\",\"target\":{\"@type\":\"EntryPoint\",\"urlTemplate\":\"https:\/\/geagroupconstruction.com\/?s={search_term_string}\"},\"query-input\":{\"@type\":\"PropertyValueSpecification\",\"valueRequired\":true,\"valueName\":\"search_term_string\"}}],\"inLanguage\":\"fr-FR\"},{\"@type\":\"Organization\",\"@id\":\"https:\/\/geagroupconstruction.com\/#organization\",\"name\":\"Gea Group Construction\",\"url\":\"https:\/\/geagroupconstruction.com\/\",\"logo\":{\"@type\":\"ImageObject\",\"inLanguage\":\"fr-FR\",\"@id\":\"https:\/\/geagroupconstruction.com\/#\/schema\/logo\/image\/\",\"url\":\"https:\/\/geagroupconstruction.com\/wp-content\/uploads\/2022\/12\/GEA_Group_logo.svg\",\"contentUrl\":\"https:\/\/geagroupconstruction.com\/wp-content\/uploads\/2022\/12\/GEA_Group_logo.svg\",\"caption\":\"Gea Group Construction\"},\"image\":{\"@id\":\"https:\/\/geagroupconstruction.com\/#\/schema\/logo\/image\/\"}}]}<\/script>\n<!-- \/ Yoast SEO plugin. -->","yoast_head_json":{"title":"Gea Group Construction - Entreprise de construction sp\u00e9cialis\u00e9e dans la cr\u00e9ation de showrooms","description":"Gea Group est une entreprise de construction sp\u00e9cialis\u00e9e dans la cr\u00e9ation de showrooms et de magasins embl\u00e9matiques pour les marques du monde de la Mode et du Luxe.","robots":{"index":"index","follow":"follow","max-snippet":"max-snippet:-1","max-image-preview":"max-image-preview:large","max-video-preview":"max-video-preview:-1"},"canonical":"https:\/\/geagroupconstruction.com\/","og_locale":"fr_FR","og_type":"article","og_title":"Gea Group Construction - Entreprise de construction sp\u00e9cialis\u00e9e dans la cr\u00e9ation de showrooms","og_description":"Gea Group est une entreprise de construction sp\u00e9cialis\u00e9e dans la cr\u00e9ation de showrooms et de magasins embl\u00e9matiques pour les marques du monde de la Mode et du Luxe.","og_url":"https:\/\/geagroupconstruction.com\/","og_site_name":"Gea Group Construction","article_modified_time":"2025-07-03T13:23:09+00:00","twitter_card":"summary_large_image","twitter_misc":{"Dur\u00e9e de lecture estim\u00e9e":"1 minute"},"schema":{"@context":"https:\/\/schema.org","@graph":[{"@type":"WebPage","@id":"https:\/\/geagroupconstruction.com\/","url":"https:\/\/geagroupconstruction.com\/","name":"Gea Group Construction - Entreprise de construction sp\u00e9cialis\u00e9e dans la cr\u00e9ation de showrooms","isPartOf":{"@id":"https:\/\/geagroupconstruction.com\/#website"},"datePublished":"2022-12-22T08:08:20+00:00","dateModified":"2025-07-03T13:23:09+00:00","description":"Gea Group est une entreprise de construction sp\u00e9cialis\u00e9e dans la cr\u00e9ation de showrooms et de magasins embl\u00e9matiques pour les marques du monde de la Mode et du Luxe.","breadcrumb":{"@id":"https:\/\/geagroupconstruction.com\/#breadcrumb"},"inLanguage":"fr-FR","potentialAction":[{"@type":"ReadAction","target":["https:\/\/geagroupconstruction.com\/"]}]},{"@type":"BreadcrumbList","@id":"https:\/\/geagroupconstruction.com\/#breadcrumb","itemListElement":[{"@type":"ListItem","position":1,"name":"Home","item":"https:\/\/geagroupconstruction.com\/"},{"@type":"ListItem","position":2,"name":"Accueil"}]},{"@type":"WebSite","@id":"https:\/\/geagroupconstruction.com\/#website","url":"https:\/\/geagroupconstruction.com\/","name":"Gea Group Construction","description":"We build your style","publisher":{"@id":"https:\/\/geagroupconstruction.com\/#organization"},"potentialAction":[{"@type":"SearchAction","target":{"@type":"EntryPoint","urlTemplate":"https:\/\/geagroupconstruction.com\/?s={search_term_string}"},"query-input":{"@type":"PropertyValueSpecification","valueRequired":true,"valueName":"search_term_string"}}],"inLanguage":"fr-FR"},{"@type":"Organization","@id":"https:\/\/geagroupconstruction.com\/#organization","name":"Gea Group Construction","url":"https:\/\/geagroupconstruction.com\/","logo":{"@type":"ImageObject","inLanguage":"fr-FR","@id":"https:\/\/geagroupconstruction.com\/#\/schema\/logo\/image\/","url":"https:\/\/geagroupconstruction.com\/wp-content\/uploads\/2022\/12\/GEA_Group_logo.svg","contentUrl":"https:\/\/geagroupconstruction.com\/wp-content\/uploads\/2022\/12\/GEA_Group_logo.svg","caption":"Gea Group Construction"},"image":{"@id":"https:\/\/geagroupconstruction.com\/#\/schema\/logo\/image\/"}}]}},"_links":{"self":[{"href":"https:\/\/geagroupconstruction.com\/fr\/wp-json\/wp\/v2\/pages\/2358","targetHints":{"allow":["GET"]}}],"collection":[{"href":"https:\/\/geagroupconstruction.com\/fr\/wp-json\/wp\/v2\/pages"}],"about":[{"href":"https:\/\/geagroupconstruction.com\/fr\/wp-json\/wp\/v2\/types\/page"}],"author":[{"embeddable":true,"href":"https:\/\/geagroupconstruction.com\/fr\/wp-json\/wp\/v2\/users\/1"}],"replies":[{"embeddable":true,"href":"https:\/\/geagroupconstruction.com\/fr\/wp-json\/wp\/v2\/comments?post=2358"}],"version-history":[{"count":9,"href":"https:\/\/geagroupconstruction.com\/fr\/wp-json\/wp\/v2\/pages\/2358\/revisions"}],"predecessor-version":[{"id":2985,"href":"https:\/\/geagroupconstruction.com\/fr\/wp-json\/wp\/v2\/pages\/2358\/revisions\/2985"}],"wp:attachment":[{"href":"https:\/\/geagroupconstruction.com\/fr\/wp-json\/wp\/v2\/media?parent=2358"}],"curies":[{"name":"wp","href":"https:\/\/api.w.org\/{rel}","templated":true}]}}